{"id":190,"date":"2020-06-09T23:21:52","date_gmt":"2020-06-09T23:21:52","guid":{"rendered":"https:\/\/oceantech.cl\/?page_id=190"},"modified":"2020-06-15T01:01:56","modified_gmt":"2020-06-15T01:01:56","slug":"piscinas","status":"publish","type":"page","link":"https:\/\/oceantech.cl\/index.php\/piscinas\/","title":{"rendered":"Piscinas"},"content":{"rendered":"\t\t<div data-elementor-type=\"wp-page\" data-elementor-id=\"190\" class=\"elementor elementor-190\" data-elementor-settings=\"[]\">\n\t\t\t\t\t\t<div class=\"elementor-inner\">\n\t\t\t\t\t\t\t<div class=\"elementor-section-wrap\">\n\t\t\t\t\t\t\t<section class=\"elementor-section elementor-top-section elementor-element elementor-element-2c2ef099 elementor-section-boxed elementor-section-height-default elementor-section-height-default\" data-id=\"2c2ef099\" data-element_type=\"section\">\n\t\t\t\t\t\t<div class=\"elementor-container elementor-column-gap-default\">\n\t\t\t\t\t\t\t<div class=\"elementor-row\">\n\t\t\t\t\t<div class=\"elementor-column elementor-col-100 elementor-top-column elementor-element elementor-element-7dad2c5d\" data-id=\"7dad2c5d\" data-element_type=\"column\">\n\t\t\t<div class=\"elementor-column-wrap elementor-element-populated\">\n\t\t\t\t\t\t\t<div class=\"elementor-widget-wrap\">\n\t\t\t\t\t\t<div class=\"elementor-element elementor-element-5f9b6260 elementor-widget elementor-widget-text-editor\" data-id=\"5f9b6260\" data-element_type=\"widget\" data-widget_type=\"text-editor.default\">\n\t\t\t\t<div class=\"elementor-widget-container\">\n\t\t\t\t\t<div class=\"elementor-text-editor elementor-clearfix\"><p><!-- wp:paragraph --><\/p>\n<p><strong>PISCINAS EN FIBRA DE VIDRIO<\/strong><\/p>\n<p><!-- \/wp:paragraph --><!-- wp:paragraph --><\/p>\n<p>La fabricaci\u00f3n en linea de productos se hace en base a moldes en fibra de vidrio, contamos con diferentes modelos y colores .<\/p>\n<p><!-- \/wp:paragraph --><!-- wp:paragraph --><\/p>\n<p>Las piscinas en fibra de vidrio son ANTIS\u00cdSMICAS y de f\u00e1cil instalaci\u00f3n<\/p>\n<p><!-- \/wp:paragraph --><!-- wp:paragraph --><\/p>\n<p><strong><em>Oceantech<\/em><\/strong> dispone de una amplia experiencia y conocimiento adquirida a lo largo de los a\u00f1os-<\/p>\n<p>Descargue los Fichas T\u00e9cnicas\u00a0 de Nuestros Modelos:<\/p>\n<p><strong><span style=\"color: #000080;\"><a style=\"color: #000080;\" href=\"https:\/\/oceantech.cl\/wp-content\/uploads\/2020\/06\/Ficha.T-Piscina-280-x-180-x-065.pdf\" target=\"_blank\" rel=\"noopener\">Ficha T\u00e9cnica Piscina-280-x-180-x-065<\/a><\/span><\/strong><\/p>\n<p><strong><span style=\"color: #000080;\"><a style=\"color: #000080;\" href=\"https:\/\/oceantech.cl\/wp-content\/uploads\/2020\/06\/ficha-tecnica-piscina-4x9-x-1-a-180.pdf\" target=\"_blank\" rel=\"noopener\">FIcha T\u00e9cnica Piscina-4&#215;9-x-1-a-180<\/a><\/span><\/strong><\/p>\n<p><strong><span style=\"color: #000080;\">\u00a0<a style=\"color: #000080;\" href=\"https:\/\/oceantech.cl\/wp-content\/uploads\/2020\/06\/ficha-tecnica-piscina-35x85-x-1-a-175.pdf\" target=\"_blank\" rel=\"noopener\">Ficha T\u00e9cnica Piscina 3,5&#215;8,5 x 1 a 1,75<\/a><\/span><\/strong><\/p>\n<p><strong><span style=\"color: #000080;\"><a style=\"color: #000080;\" href=\"https:\/\/oceantech.cl\/wp-content\/uploads\/2020\/06\/ficha-tecnica-piscina-35x8-x-1-a-170.pdf\">Ficha T\u00e9cnica Piscina 3,5&#215;8 x 1 a 1,70<\/a><\/span><\/strong><\/p>\n<p><strong><span style=\"color: #000080;\"><a style=\"color: #000080;\" href=\"http:\/\/ficha tecnica Piscina 3 x 6 x 1 a 1,50\" data-wplink-url-error=\"true\">Ficha T\u00e9cnica Piscina 3 x 6 x 1 a 1,50<\/a><\/span><\/strong><\/p>\n<p><strong><span style=\"color: #000080;\"><a style=\"color: #000080;\" href=\"http:\/\/ficha tecnica piscina 3 x 5 x 1 a 1,45\" data-wplink-url-error=\"true\">Ficha T\u00e9cnica Piscina 3 x 5 x 1 a 1,45<\/a><\/span><\/strong><\/p>\n<p><span style=\"color: #000080;\"><strong><a style=\"color: #000080;\" href=\"http:\/\/ficha tecnica Piscina 2,52 x 4,25 x 1,20\" data-wplink-url-error=\"true\">Ficha T\u00e9cnica Piscina 2,52 x 4,25 x 1,20<\/a><\/strong><\/span><\/p>\n<p><span style=\"color: #000080;\"><strong><a style=\"color: #000080;\" href=\"http:\/\/ficha tecnica Piscina 2,52 x 4,25 x 0,90\" data-wplink-url-error=\"true\">Ficha T\u00e9cnica Piscina 2,52 x 4,25 x 0,90<\/a><\/strong><\/span><\/p>\n<p>\u00a0<\/p>\n<p>\u00a0<\/p>\n<p><!-- \/wp:paragraph --><!-- wp:paragraph --><\/p>\n<p>TAMBI\u00c9N TRABAJAMOS CON PRODUCTOS ADICIONALES COMO FULGET, DECK Y PALMETAS<\/p>\n<p><!-- \/wp:paragraph --><!-- wp:gallery --><\/p>\n<figure class=\"wp-block-gallery columns-0 is-cropped\"><\/figure>\n<p><!-- \/wp:gallery --><\/p><\/div>\n\t\t\t\t<\/div>\n\t\t\t\t<\/div>\n\t\t\t\t\t\t<\/div>\n\t\t\t\t\t<\/div>\n\t\t<\/div>\n\t\t\t\t\t\t\t\t<\/div>\n\t\t\t\t\t<\/div>\n\t\t<\/section>\n\t\t\t\t\t\t<\/div>\n\t\t\t\t\t\t<\/div>\n\t\t\t\t\t<\/div>\n\t\t","protected":false},"excerpt":{"rendered":"<p>PISCINAS EN FIBRA DE VIDRIO La fabricaci\u00f3n en linea de productos se hace en base a moldes en fibra de vidrio, contamos con diferentes modelos y colores . Las piscinas en fibra de vidrio son ANTIS\u00cdSMICAS y de f\u00e1cil instalaci\u00f3n Oceantech dispone de una amplia experiencia y conocimiento adquirida a lo largo de los a\u00f1os- [&hellip;]<\/p>\n","protected":false},"author":1,"featured_media":0,"parent":0,"menu_order":0,"comment_status":"closed","ping_status":"closed","template":"","meta":[],"_links":{"self":[{"href":"https:\/\/oceantech.cl\/index.php\/wp-json\/wp\/v2\/pages\/190"}],"collection":[{"href":"https:\/\/oceantech.cl\/index.php\/wp-json\/wp\/v2\/pages"}],"about":[{"href":"https:\/\/oceantech.cl\/index.php\/wp-json\/wp\/v2\/types\/page"}],"author":[{"embeddable":true,"href":"https:\/\/oceantech.cl\/index.php\/wp-json\/wp\/v2\/users\/1"}],"replies":[{"embeddable":true,"href":"https:\/\/oceantech.cl\/index.php\/wp-json\/wp\/v2\/comments?post=190"}],"version-history":[{"count":10,"href":"https:\/\/oceantech.cl\/index.php\/wp-json\/wp\/v2\/pages\/190\/revisions"}],"predecessor-version":[{"id":417,"href":"https:\/\/oceantech.cl\/index.php\/wp-json\/wp\/v2\/pages\/190\/revisions\/417"}],"wp:attachment":[{"href":"https:\/\/oceantech.cl\/index.php\/wp-json\/wp\/v2\/media?parent=190"}],"curies":[{"name":"wp","href":"https:\/\/api.w.org\/{rel}","templated":true}]}}