{"id":188,"date":"2020-06-09T23:21:49","date_gmt":"2020-06-09T23:21:49","guid":{"rendered":"https:\/\/oceantech.cl\/?page_id=188"},"modified":"2020-06-10T01:50:55","modified_gmt":"2020-06-10T01:50:55","slug":"estanques","status":"publish","type":"page","link":"https:\/\/oceantech.cl\/index.php\/estanques\/","title":{"rendered":"Estanques"},"content":{"rendered":"\n<p>EN NUESTRA L\u00cdNEA DE ESTANQUES EN FIBRA DE VIDRIO CONTAMOS UNA GRAN VARIEDAD DE PRODUCTOS PARA AGUA USO CONSUMO HUMANO, L\u00cdQUIDOS PARA MINER\u00cdA, PSICULTURA Y ACUICULTURA.<br><br>-ESTANQUES ESTACIONARIOS DESDE 500 LTS. EN ADELANTE.<br><br>-ESTANQUES PARA HATCHERY<br>-ESTANQUES PARA LARVAS<br>-ESTANQUES DE FIJACI\u00d3N<br>-ESTANQUES ACONDICIONAMIENTO REPRODUCTORES<br>-ESTANQUES TRANSPARENTES PARA CULTIVOS DE MICROALGAS<br>-ESTANQUES RACE WAY<br>-ESTANQUES AUTOLIMPIANTE PARA ENGORDA<br>-ESTANQUES RECIRCULACI\u00d3N GRANDES VOL\u00daMENES<br><br>-ESTANQUES PARA MINER\u00cdA UTILIZADOS CON DIFERENTES TIPOS DE L\u00cdQUIDOS.<br><\/p>\n\n\n\n<figure class=\"wp-block-gallery columns-1 is-cropped\"><ul class=\"blocks-gallery-grid\"><li class=\"blocks-gallery-item\"><figure><img loading=\"lazy\" width=\"1024\" height=\"768\" src=\"https:\/\/oceantech.cl\/wp-content\/uploads\/2020\/06\/estanque-1024x768.jpg\" alt=\"\" data-id=\"244\" data-full-url=\"https:\/\/oceantech.cl\/wp-content\/uploads\/2020\/06\/estanque.jpg\" data-link=\"https:\/\/oceantech.cl\/index.php\/estanques\/estanque\/\" class=\"wp-image-244\" srcset=\"https:\/\/oceantech.cl\/wp-content\/uploads\/2020\/06\/estanque-1024x768.jpg 1024w, https:\/\/oceantech.cl\/wp-content\/uploads\/2020\/06\/estanque-300x225.jpg 300w, https:\/\/oceantech.cl\/wp-content\/uploads\/2020\/06\/estanque-768x576.jpg 768w, https:\/\/oceantech.cl\/wp-content\/uploads\/2020\/06\/estanque.jpg 1152w\" sizes=\"(max-width: 1024px) 100vw, 1024px\" \/><\/figure><\/li><\/ul><\/figure>\n","protected":false},"excerpt":{"rendered":"<p>EN NUESTRA L\u00cdNEA DE ESTANQUES EN FIBRA DE VIDRIO CONTAMOS UNA GRAN VARIEDAD DE PRODUCTOS PARA AGUA USO CONSUMO HUMANO, L\u00cdQUIDOS PARA MINER\u00cdA, PSICULTURA Y ACUICULTURA. -ESTANQUES ESTACIONARIOS DESDE 500 LTS. EN ADELANTE. -ESTANQUES PARA HATCHERY-ESTANQUES PARA LARVAS-ESTANQUES DE FIJACI\u00d3N-ESTANQUES ACONDICIONAMIENTO REPRODUCTORES-ESTANQUES TRANSPARENTES PARA CULTIVOS DE MICROALGAS-ESTANQUES RACE WAY-ESTANQUES AUTOLIMPIANTE PARA ENGORDA-ESTANQUES RECIRCULACI\u00d3N GRANDES VOL\u00daMENES [&hellip;]<\/p>\n","protected":false},"author":1,"featured_media":0,"parent":0,"menu_order":0,"comment_status":"closed","ping_status":"closed","template":"","meta":[],"_links":{"self":[{"href":"https:\/\/oceantech.cl\/index.php\/wp-json\/wp\/v2\/pages\/188"}],"collection":[{"href":"https:\/\/oceantech.cl\/index.php\/wp-json\/wp\/v2\/pages"}],"about":[{"href":"https:\/\/oceantech.cl\/index.php\/wp-json\/wp\/v2\/types\/page"}],"author":[{"embeddable":true,"href":"https:\/\/oceantech.cl\/index.php\/wp-json\/wp\/v2\/users\/1"}],"replies":[{"embeddable":true,"href":"https:\/\/oceantech.cl\/index.php\/wp-json\/wp\/v2\/comments?post=188"}],"version-history":[{"count":3,"href":"https:\/\/oceantech.cl\/index.php\/wp-json\/wp\/v2\/pages\/188\/revisions"}],"predecessor-version":[{"id":272,"href":"https:\/\/oceantech.cl\/index.php\/wp-json\/wp\/v2\/pages\/188\/revisions\/272"}],"wp:attachment":[{"href":"https:\/\/oceantech.cl\/index.php\/wp-json\/wp\/v2\/media?parent=188"}],"curies":[{"name":"wp","href":"https:\/\/api.w.org\/{rel}","templated":true}]}}