{"id":187,"date":"2020-06-09T23:21:48","date_gmt":"2020-06-09T23:21:48","guid":{"rendered":"https:\/\/oceantech.cl\/?page_id=187"},"modified":"2020-06-10T01:21:34","modified_gmt":"2020-06-10T01:21:34","slug":"astronomia","status":"publish","type":"page","link":"https:\/\/oceantech.cl\/index.php\/astronomia\/","title":{"rendered":"Astronom\u00eda"},"content":{"rendered":"\n<p>FABRICAMOS C\u00daPULAS EN FIBRA DE VIDRIO PARA OBSERVACI\u00d3N ASTRON\u00d3MICA Y ESFERAS PARA PLANETARIOS.<\/p>\n\n\n\n<figure class=\"wp-block-gallery columns-3 is-cropped\"><ul class=\"blocks-gallery-grid\"><li class=\"blocks-gallery-item\"><figure><img loading=\"lazy\" width=\"768\" height=\"1024\" src=\"https:\/\/oceantech.cl\/wp-content\/uploads\/2020\/06\/IMG-20200608-WA0042-1-768x1024.jpg\" alt=\"\" data-id=\"120\" data-full-url=\"https:\/\/oceantech.cl\/wp-content\/uploads\/2020\/06\/IMG-20200608-WA0042-1.jpg\" data-link=\"https:\/\/oceantech.cl\/index.php\/home\/img-20200608-wa0042-1\/\" class=\"wp-image-120\" srcset=\"https:\/\/oceantech.cl\/wp-content\/uploads\/2020\/06\/IMG-20200608-WA0042-1-768x1024.jpg 768w, https:\/\/oceantech.cl\/wp-content\/uploads\/2020\/06\/IMG-20200608-WA0042-1-225x300.jpg 225w, https:\/\/oceantech.cl\/wp-content\/uploads\/2020\/06\/IMG-20200608-WA0042-1.jpg 960w\" sizes=\"(max-width: 768px) 100vw, 768px\" \/><\/figure><\/li><li class=\"blocks-gallery-item\"><figure><img loading=\"lazy\" width=\"768\" height=\"1024\" src=\"https:\/\/oceantech.cl\/wp-content\/uploads\/2020\/06\/IMG-20200608-WA0047-1-768x1024.jpg\" alt=\"\" data-id=\"121\" data-full-url=\"https:\/\/oceantech.cl\/wp-content\/uploads\/2020\/06\/IMG-20200608-WA0047-1.jpg\" data-link=\"https:\/\/oceantech.cl\/index.php\/home\/img-20200608-wa0047-1\/\" class=\"wp-image-121\" srcset=\"https:\/\/oceantech.cl\/wp-content\/uploads\/2020\/06\/IMG-20200608-WA0047-1-768x1024.jpg 768w, https:\/\/oceantech.cl\/wp-content\/uploads\/2020\/06\/IMG-20200608-WA0047-1-225x300.jpg 225w, https:\/\/oceantech.cl\/wp-content\/uploads\/2020\/06\/IMG-20200608-WA0047-1.jpg 960w\" sizes=\"(max-width: 768px) 100vw, 768px\" \/><\/figure><\/li><li class=\"blocks-gallery-item\"><figure><img loading=\"lazy\" width=\"768\" height=\"1024\" src=\"https:\/\/oceantech.cl\/wp-content\/uploads\/2020\/06\/IMG-20200608-WA0039-768x1024.jpg\" alt=\"\" data-id=\"119\" data-full-url=\"https:\/\/oceantech.cl\/wp-content\/uploads\/2020\/06\/IMG-20200608-WA0039.jpg\" data-link=\"https:\/\/oceantech.cl\/index.php\/home\/img-20200608-wa0039\/\" class=\"wp-image-119\" srcset=\"https:\/\/oceantech.cl\/wp-content\/uploads\/2020\/06\/IMG-20200608-WA0039-768x1024.jpg 768w, https:\/\/oceantech.cl\/wp-content\/uploads\/2020\/06\/IMG-20200608-WA0039-225x300.jpg 225w, https:\/\/oceantech.cl\/wp-content\/uploads\/2020\/06\/IMG-20200608-WA0039.jpg 960w\" sizes=\"(max-width: 768px) 100vw, 768px\" \/><\/figure><\/li><\/ul><\/figure>\n","protected":false},"excerpt":{"rendered":"<p>FABRICAMOS C\u00daPULAS EN FIBRA DE VIDRIO PARA OBSERVACI\u00d3N ASTRON\u00d3MICA Y ESFERAS PARA PLANETARIOS.<\/p>\n","protected":false},"author":1,"featured_media":121,"parent":0,"menu_order":0,"comment_status":"closed","ping_status":"closed","template":"","meta":[],"_links":{"self":[{"href":"https:\/\/oceantech.cl\/index.php\/wp-json\/wp\/v2\/pages\/187"}],"collection":[{"href":"https:\/\/oceantech.cl\/index.php\/wp-json\/wp\/v2\/pages"}],"about":[{"href":"https:\/\/oceantech.cl\/index.php\/wp-json\/wp\/v2\/types\/page"}],"author":[{"embeddable":true,"href":"https:\/\/oceantech.cl\/index.php\/wp-json\/wp\/v2\/users\/1"}],"replies":[{"embeddable":true,"href":"https:\/\/oceantech.cl\/index.php\/wp-json\/wp\/v2\/comments?post=187"}],"version-history":[{"count":3,"href":"https:\/\/oceantech.cl\/index.php\/wp-json\/wp\/v2\/pages\/187\/revisions"}],"predecessor-version":[{"id":233,"href":"https:\/\/oceantech.cl\/index.php\/wp-json\/wp\/v2\/pages\/187\/revisions\/233"}],"wp:featuredmedia":[{"embeddable":true,"href":"https:\/\/oceantech.cl\/index.php\/wp-json\/wp\/v2\/media\/121"}],"wp:attachment":[{"href":"https:\/\/oceantech.cl\/index.php\/wp-json\/wp\/v2\/media?parent=187"}],"curies":[{"name":"wp","href":"https:\/\/api.w.org\/{rel}","templated":true}]}}